{"id":3,"date":"2025-03-24T13:20:30","date_gmt":"2025-03-24T13:20:30","guid":{"rendered":"https:\/\/www.soccerfantastico.com\/?page_id=3"},"modified":"2025-07-03T08:33:58","modified_gmt":"2025-07-03T06:33:58","slug":"privacy-policy","status":"publish","type":"page","link":"https:\/\/www.soccerfantastico.com\/en\/privacy-policy\/","title":{"rendered":"Privacy Policy"},"content":{"rendered":"\t\t<div data-elementor-type=\"wp-page\" data-elementor-id=\"3\" class=\"elementor elementor-3\" data-elementor-post-type=\"page\">\n\t\t\t\t<div class=\"elementor-element elementor-element-1eaf32f3 e-flex e-con-boxed e-con e-parent\" data-id=\"1eaf32f3\" data-element_type=\"container\">\n\t\t\t\t\t<div class=\"e-con-inner\">\n\t\t\t\t<div class=\"elementor-element elementor-element-237fcff4 elementor-widget elementor-widget-text-editor\" data-id=\"237fcff4\" data-element_type=\"widget\" data-widget_type=\"text-editor.default\">\n\t\t\t\t<div class=\"elementor-widget-container\">\n\t\t\t\t\t\t\t\t\t\n<h1 class=\"post-title\">Pravila privatnosti<\/h1>\n<p>Institut za Dru\u0161tvene Igre obavezuje se pru\u017eati za\u0161titu osobnim podacima kupaca, na na\u010din da prikuplja samo nu\u017ene, osnovne podatke o kupcima\/ korisnicima koji su nu\u017eni za ispunjenje na\u0161ih obveza; informira kupce o na\u010dinu kori\u0161tenja prikupljenih podataka, redovito daje kupcima mogu\u0107nost izbora o upotrebi njihovih podataka, uklju\u010duju\u0107i mogu\u0107nost odluke \u017eele li ili ne da se njihovo ime ukloni s lista koje se koriste za marketin\u0161ke kampanje. Svi se podaci o korisnicima strogo \u010duvaju i dostupni su samo djelatnicima kojima su ti podaci nu\u017eni za obavljanje posla. Svi djelatnici Institut za Dru\u0161tvene Igre i poslovni partneri odgovorni su za po\u0161tivanje na\u010dela za\u0161tite privatnosti.<\/p>\n<h3>Prikupljanje i kori\u0161tenje informacija<\/h3>\n<p>Institut za Dru\u0161tvene Igre cijeni i \u0161titi Va\u0161u privatnost. U procesu realizacije tra\u017eene usluge i za davanje obavijesti i informacija vezanih uz Va\u0161u kupovinu ili drugu uslugu, koristit \u0107emo samo one informacije koje nam svojevoljno date. Obvezujemo se da ne\u0107emo prodati, iznijeti ili dati ove informacije tre\u0107oj stranci na na\u010din koji nije naveden u ovoj izjavi.<\/p>\n<h3>Kupnja<\/h3>\n<p>Pri kupnji roba ili usluge koju nudimo na ovim stranicama, tra\u017eit \u0107emo osobne podatke (ime i prezime, e-mail adresa, adresa stanovanja, adresa za dostavu, broj telefona). Ti podaci koristit \u0107e se isklju\u010divo za realizaciju kupnje. Podaci o pla\u0107anju (poput broja kartice, i sl.) posebno su za\u0161ti\u0107eni i bit \u0107e dostupni samo bankama, odnosno karti\u010dnim ku\u0107ama radi autorizacije pla\u0107anja.<\/p>\n<h3>Log datoteke<\/h3>\n<p>IP adrese koristimo kako bismo analizirali trendove, odr\u017eavali Internet stranice, pratili kretanje korisnika i sakupili \u0161ire demografske podatke. IP adrese nisu vezane uz bilo kakve osobne podatke uz pomo\u0107 kojih je mogu\u0107a identifikacija pojedinca.<\/p>\n<h3>Dostupnost informacija<\/h3>\n<p>Prikupljeni demografski podaci bit \u0107e dostupni na\u0161im medijskim partnerima, profesionalcima i ogla\u0161iva\u010dima. Ovo nije povezano s bilo kakvim osobnim podacima uz pomo\u0107 kojih je mogu\u0107a identifikacija pojedinca. Kako bismo pru\u017eili posebne usluge mo\u017eemo se udru\u017eiti s tre\u0107om strankom. Samo kad se korisnik prijavi za ove usluge, tre\u0107oj stranci bit \u0107e dostupna imena ili druge kontakt informacije koje su neophodne za pru\u017eanje spomenutih usluga. Tre\u0107oj stranci nije dozvoljeno koristiti osobne podatke osim u svrhu pru\u017eanja navedenih usluga.<\/p>\n<h3>Linkovi<\/h3>\n<p>Ove Internet stranice sadr\u017ee linkove na druge Internet stranice. Molimo vas da uzmete u obzir kako Institut za Dru\u0161tvene Igre ne mo\u017ee biti odgovoran za po\u0161tivanje privatnosti na spomenutim drugim Internet stranicama. Na\u0161e korisnike poti\u010demo da pro\u010ditaju izjave o privatnosti svake Internet stranice koja prikuplja osobne podatke. Ova Izjava o privatnosti primjenjuje se isklju\u010divo vezano uz informacije prikupljene na ovim Internet stranicama.<\/p>\n<h3>Sigurnost<\/h3>\n<p>Ove Internet stranice poduzimaju sve mjere kako bi za\u0161titile podatke o korisniku. Uno\u0161enje povjerljivih podataka putem ovih Internet stranica za\u0161ti\u0107eno je on-line i off-line. Svi podaci zatra\u017eeni u svrhu registracije korisnika \u0161ifrirani su i za\u0161ti\u0107eni sigurnosnim protokolom (SSL). Tijekom boravka na za\u0161ti\u0107enoj stranici ikona lokota je zaklju\u010dana. Osim kori\u0161tenja SSL \u0161ifriranja kako bismo za\u0161titili podatke o korisnicima na Internetu, \u010dinimo sve \u0161to je u na\u0161oj mogu\u0107nosti kako bismo iste podatke za\u0161titili i off-line. Pristup svim podacima o na\u0161im korisnicima, ne samo gore spomenutim povjerljivim podacima, je ograni\u010den. Pristup povjerljivim podacima imaju samo zaposlenici kojima su isti potrebni kako bi obavili odre\u0111enu uslugu.<br \/>Za sva dodatna pitanja o sigurnosti na na\u0161im Internet stranicama mo\u017eete poslati e-mail na:\u00a0<a class=\"moz-txt-link-abbreviated\" href=\"mailto:board.games.institute.info@gmail.com\">board.games.institute.info@gmail.com<\/a><\/p>\n<h3>Ispravci\/ A\u017euriranje\/ Brisanje osobnih podataka<\/h3>\n<p>Ako se korisnikovi osobni podaci (ime i prezime, e-mail adresa, adresa stanovanja, adresa za dostavu, broj telefona) promijene ili ako korisnik vi\u0161e ne \u017eeli na\u0161u uslugu, omogu\u0107ujemo ispravljanje, a\u017euriranje ili uklanjanje korisnikovih osobnih podataka koje posjedujemo. To je mogu\u0107e izvr\u0161iti na Internet stranici \u00abMoj ra\u010dun\u00bb ili slanjem e-maila na adresu:\u00a0<a class=\"moz-txt-link-abbreviated\" href=\"mailto:board.games.institute.info@gmail.com\">board.games.institute.info@gmail.com<\/a><\/p>\n<h3>Obavijesti o promjenama<\/h3>\n<p>U slu\u010daju da odlu\u010dimo promijeniti na\u0161a pravila o po\u0161tivanju privatnosti obavijest \u0107emo objaviti na naslovnici na\u0161ih Internet stranica kako bi korisnici uvijek bili upoznati s podacima koje prikupljamo, na\u010dinom na koji ih koristimo i pod kojim ih uvjetima, ako takvi postoje, otkrivamo. Ako u bilo kojem trenutku odlu\u010dimo iskoristiti osobne podatke na na\u010din razli\u010dit od navedenog u vrijeme kad su isti podaci dobiveni, na\u0161e \u0107emo korisnike obavijestiti putem e-maila. Korisnicima \u0107e biti pru\u017eena mogu\u0107nost da odobre ili ne na\u0161e kori\u0161tenje tih podataka na nov na\u010din. Podatke \u0107emo koristiti u skladu s pravilima o po\u0161tivanju privatnosti va\u017ee\u0107ima u vrijeme prikupljanja podataka.<\/p>\n<h2>Prikupljanje i obrada osobnih podataka<\/h2>\n<h3>Voditelj obrade podataka<\/h3>\n<ul>\n<li>board.games.institute.info@gmail.com s registriranim sjedi\u0161tem u Dravska 17, 48000 Koprivnica, je voditelj obrade va\u0161ih osobnih podataka.<\/li>\n<li>Politika privatnosti se primjenjuje na sve osobne podatke korisnika koje prikupljamo i obra\u0111ujemo, izravno ili putem svojih partnera.<\/li>\n<li>Osobni podatak je svaki podatak koji se odnosi na fizi\u010dku osobu \u010diji je identitet utvr\u0111en ili se mo\u017ee utvrditi, izravno ili neizravno.<\/li>\n<li>Obrada podataka je bilo koja radnja izvr\u0161ena na osobnim podacima, poput primjerice prikupljanja, pohrane, upotrebe, uvida i prijenosa osobnih podataka.<\/li>\n<li>Ova Politika se ne primjenjuje na anonimne podatke. Anonimni podatak je podatak koji se ne mo\u017ee povezati s odre\u0111enom fizi\u010dkom osobom.<\/li>\n<\/ul>\n<h3>Koje podatke prikupljamo<\/h3>\n<ul>\n<li>Osobni podaci: ime, prezime, adresa, kontakt broj, email adresa<\/li>\n<li>Informacije o prodaji: informacije o kupnji, uklju\u010duju\u0107i korisni\u010dki identitet kupca, broj ugovora i reklamacijama, dostavi, podr\u0161ci i uslugama, uklju\u010duju\u0107i prigovore i zahtjeve.<\/li>\n<\/ul>\n<h3>Svrha prikupljanja podataka:<\/h3>\n<ul>\n<li>Prodaja proizvoda \u2013 za obradu va\u0161e prodaje, konfiguraciju va\u0161eg proizvoda.<\/li>\n<li>Institut za Dru\u0161tvene Igre \u0107e prikupiti osobne podatke,\u00a0 informacije o prodaji kao i informacije o povijesti kupca kada kupite ili reklamirate proizvod kupljen kod nas, uklju\u010duju\u0107i i obavje\u0161tavanje o pitanjima vezanim uz Va\u0161 proizvod te ispunjenje sklopljenog ugovora.<\/li>\n<li>Pru\u017eanje osobnih podataka u svrhu ispunjenja sklopljenog ugovora predstavlja ugovornu obvezu te ako ih ne pru\u017eite, to mo\u017ee utjecati na ispravno izvr\u0161enje ugovora ili ga \u010dak onemogu\u0107iti.<\/li>\n<li>Podr\u0161ka kupcima i marketing za odgovore na upite i davanje novosti i ponuda.<\/li>\n<li>Institut za Dru\u0161tvene Igre prikuplja osobne podatke\u00a0 te ih mo\u017ee koristiti\u00a0 kako bi kupcima pru\u017eio podr\u0161ku, odgovore na upite i reklamacije te kako bi procijenio koje novosti i ponude Vas najvjerojatnije zanimaju te Vas kontaktira u vezi s tim ponudama u skladu s Va\u0161im interesima.<\/li>\n<\/ul>\n<h3>Prijenos tre\u0107im stranama<\/h3>\n<p>Osobni podaci mogu se prenositi tre\u0107im stranama, pod uvjetom da postoji pravna osnova za prijenos i da je sve u skladu s Op\u0107om uredbom o za\u0161titi osobnih podataka i svim va\u017ee\u0107im propisima iz podru\u010dja za\u0161tite podataka.<\/p>\n<h3>Va\u0161i osobni podaci mogu se prenositi sljede\u0107im subjektima<\/h3>\n<ul>\n<li>Za realizaciju ugovora isporuke robe podatke \u0107emo dijeliti sa pru\u017eateljima distribucijskih usluga Institut za Dru\u0161tvene Igre s kojima sura\u0111ujemo i imamo sklopljene ugovore. Pru\u017eatelj distribucijskih usluga mo\u017ee korisnika pri isporuci roba ili usluga tra\u017eiti osobni dokument na uvid i\/ili evidentirati odre\u0111ene podatke sa dokumenta. Ukoliko korisnik nije voljan predati takve podatke nu\u017ene za isporuku paketa tj. dokaz o naru\u010diocu, usluga ili roba ne\u0107e mo\u0107i biti izvr\u0161ena ili uru\u010dena.<\/li>\n<li>Sponzorima nagradnih natje\u010daja u procesu predaje nagrade korisniku. Ukoliko korisnik ne \u017eeli da Institut za Dru\u0161tvene Igre dijeli sa sponzorima podatke u svrhu dodjele mogu\u0107e nagrade, savjetujemo korisnika da ne sudjeluje u takvim aktivnostima na internetskim stranicama Institut za Dru\u0161tvene Igre te na dru\u0161tvenim mre\u017eama.<\/li>\n<li>Dr\u017eavnim institucijama koje zatra\u017ee podatke na uvid zbog neke tre\u0107e obrade istih ili potrebe za ostvarivanje prava Institut za Dru\u0161tvene Igre zbog nepo\u0161tivanja ugovora o pru\u017eanju usluga.<\/li>\n<\/ul>\n<h3>Koliko dugo zadr\u017eavamo va\u0161e podatke:<\/h3>\n<ul>\n<li>Osobne podatke pohranjujemo i obra\u0111ujemo samo onoliko dugo koliko je potrebno za izvr\u0161enje odre\u0111ene legitimne svrhe, osim ako va\u017ee\u0107im propisima nije za pojedinu svrhu predvi\u0111eno du\u017ee vrijeme \u010duvanja, a najmanje za vrijeme trajanja ugovora (kupnje) izme\u0111u korisnika i Institut za Dru\u0161tvene Igre.<\/li>\n<li>U slu\u010daju odbijenih ponuda, podatke iz ponude \u010duvamo godinu dana, a u slu\u010daju da nas zatra\u017ee brisanje, isti \u0107e biti odmah obrisani.<\/li>\n<li>Osobni podaci koji vi\u0161e nisu potrebni se ili nepovratno anonimiziraju ili se uni\u0161tavaju na siguran na\u010din.<\/li>\n<\/ul>\n<h3>Gdje se pohranjuju va\u0161i podaci:<\/h3>\n<p>Svi podaci pohranjuju se na nekoliko medija:<\/p>\n<ul>\n<li>Podaci o korisniku kao kupcu: U bazi podataka koja se nalazi na zakupljenim serverima tvrtke Institut za Dru\u0161tvene Igre koja pru\u017ea prostor na webu imenom soccerfantastico.com<\/li>\n<li>Na lokalnom serveru Institut za Dru\u0161tvene Igre kojem imaju pristup samo odre\u0111eni djelatnici tvrtke te ovla\u0161tena tvrtka za odr\u017eavanje servera.<\/li>\n<\/ul>\n<h3>Pristup i izmjena podataka:<\/h3>\n<ul>\n<li>Korisnik u svakom trenutku ima mogu\u0107nost pristupa svojim podacima pohranjenim na internetskim stranicama gdje ih mo\u017ee revidirati, mijenjati i brisati. Sve izmjene izvr\u0161ene na internetskim stranicama bit \u0107e zabilje\u017eene \u00a0i unutar samog poslovnog programa odmakom od 24 sata.<\/li>\n<li>Kupac tj. korisnik mo\u017ee u svakom trenutku dobiti informaciju o tome koje podatke Institut za Dru\u0161tvene Igre ima pohranjene \u00a0slanjem upita na e-mail adresu <a class=\"moz-txt-link-abbreviated\" href=\"mailto:board.games.institute.info@gmail.com\">board.games.institute.info@gmail.com<\/a><\/li>\n<li>Povratnu informaciju na Va\u0161 upit bit \u0107emo u mogu\u0107nosti dati\u00a0samo ukoliko je upit poslan s aktivnog e-maila koji je zabilje\u017een u na\u0161em poslovnom softwareu s to\u010dnim podacima unutar e-maila (ime i Prezime, broj telefona korisnika koji tra\u017ei informaciju) kako bi Vas za\u0161titili od mogu\u0107nosti izlaganja va\u0161ih osobnih podataka nekoj tre\u0107oj osobi.<\/li>\n<\/ul>\n<h3>Pravo na zaborav osobnih podataka korisnika<\/h3>\n<p>Korisnik ima pravo u bilo kojem trenutku zatra\u017eiti brisanje osobnih podataka. To mo\u017ee u\u010diniti slanjem zahtjeva na email adresu\u00a0<a class=\"moz-txt-link-abbreviated\" href=\"mailto:board.games.institute.info@gmail.com\">board.games.institute.info@gmail.com<\/a>\u00a0i podaci \u0107e biti brisani bez odga\u0111anja osim u slu\u010daju da postoji zakonska obveza \u010duvanja navedenih podataka, legitimni interes te osnova za ostvarenje va\u0161ih zakonskih prava.<br \/>Povratnu Informaciju na va\u0161 zahtjev bit \u0107emo u mogu\u0107nosti dati\u00a0 samo ukoliko je upit poslan s aktivnog e-maila koji je zabilje\u017een u na\u0161em poslovnom softwareu s to\u010dnim podacima unutar e-maila (ime i prezime, broj telefona korisnika koji tra\u017ei informaciju) kako bi vas za\u0161titili od mogu\u0107nosti izlaganja va\u0161ih osobnih podataka nekoj tre\u0107oj osobi.<\/p>\n<h3>Pravo na prigovor<\/h3>\n<p>Ukoliko unato\u010d svim poduzetim mjerama za za\u0161titu osobnih podataka smatrate da imate osnove za prigovor obratite se na email \u00a0<a class=\"moz-txt-link-abbreviated\" href=\"mailto:board.games.institute.info@gmail.com\">board.games.institute.info@gmail.com<\/a>. Uz prijavu nama, mo\u017eete prijavu podnijeti i Agenciji za za\u0161titu osobnih podataka.<\/p>\n<h3>Sigurnosne mjere za\u0161tite osobnih podataka<\/h3>\n<p>Prikupljeni podaci su u elektroni\u010dnom obliku za\u0161ti\u0107eni SSL certifikatom koji kriptira podatke i tako osigurava da se komunikacija izme\u0111u ra\u010dunala korisnika i Institut za Dru\u0161tvene Igre odvija sigurnim protokolom bez mogu\u0107nosti uvida u podatke od tre\u0107ih strana. Za\u0161titu podataka shva\u0107amo ozbiljno i poduzimamo sve napredne tehnologije kako bi va\u0161i podaci ostali za\u0161ti\u0107eni. Provodimo sve razumne mjere za za\u0161titu podataka, ali ne mo\u017eemo jam\u010diti za\u0161titu informacija prenesenih na ili s interneta pa stoga nismo odgovorni za informacije koje na takav na\u010din primi tre\u0107a strana. Institut za Dru\u0161tvene Igre pohranjuje podatke unutar EU a samo izvanredno izvan EU.<br \/>Izjavu o privatnosti Institut za Dru\u0161tvene Igre mo\u017ee izmijeniti u bilo kojem trenutku objavljivanjem izmijenjenog teksta o privatnosti na stranicama soccerfantastico.com. Ovim putem pozivamo korisnike da povremeno pregledaju ovu izjavu na kojoj \u0107e biti nazna\u010dene nove izmjene ukoliko ih je u prethodnom periodu bilo. Ukoliko se korisnik ne sla\u017ee s ovom izjavom o privatnosti upu\u0107ujemo korisnika da napusti, ne pristupa i ne koristi stranicu soccerfantastico.com. Izmjena izjave o privatnosti stupa na snagu odmah nakon objave na internetskoj stranici soccerfantastico.com. Nastavak uporabe stranice od strane korisnika nakon stupanja na snagu izmjena, podrazumijeva da korisnik potvr\u0111uje i prihva\u0107a izmijenjenu izjavu o privatnosti.<\/p>\n<h3>Pravila o postupanju s kola\u010di\u0107ima:<\/h3>\n<ul>\n<li>Kola\u010di\u0107 (cookie)\u00a0je podatak koji web stranica pohranjuje u ra\u010dunalo ili mobilni ure\u0111aj posjetitelja. Kola\u010di\u0107 dozvoljava web stranici da pamti akcije posjetitelja iz njegovih posjeta. Ve\u0107ina preglednika dozvoljava upotrebu kola\u010di\u0107a, ali korisnik u svakom trenutku mo\u017ee kola\u010di\u0107e obrisati ili postaviti u pregledniku zabranu upotrebe kola\u010di\u0107a. Naj\u010de\u0161\u0107e razlozi upotrebe kola\u010di\u0107a su identifikacija korisnika, pam\u0107enje preferencija korisnika, pomo\u0107 pri unosu ili pregledu sadr\u017eaja koji je ve\u0107 una\u0161an u prija\u0161njim posjetima, skupljanje podataka za analize i promotivne kampanje.<\/li>\n<li>Prilikom uporabe kola\u010di\u0107a\u00a0odre\u0111eni podaci se\u00a0 prikupljaju automatski s va\u0161eg ra\u010dunala pri dolasku na na\u0161e stranice. Ti podaci mogu uklju\u010divati i IP adresu, datum i vrijeme pristupe, podatke o vrsti ra\u010dunala, operativnog sustava, pretra\u017eiva\u010du koji koristite, verzijama programa kao i jezi\u010dnim postavkama va\u0161eg ra\u010dunala. Pristupom na samu stranicu vidjet \u0107ete obavijest o kori\u0161tenju kola\u010di\u0107a koji prikupljaju ove podatke te pritiskom na polje \u201esla\u017eem se\u201c dajete nam privolu za prikupljanje tih podataka. Ukoliko na stranicama nedate privolu ti podaci ne\u0107e biti prikupljani, pohranjeni i obra\u0111ivani.<\/li>\n<li>Kola\u010di\u0107e ne\u0107emo nikako upotrebljavati za prikupljanje va\u0161ih osobnih podataka. Ako \u017eelite, mo\u017eete promijeniti postavke o uporabi kola\u010di\u0107a u pretra\u017eiva\u010du svojeg ra\u010dunala ili mobilnog ure\u0111aja.<\/li>\n<\/ul>\n<h3>Kola\u010di\u0107i koje koristimo prilikom posjeta stranici soccerfantastico.com<\/h3>\n<p><strong>_ga<\/strong><br \/>Google Universal Analytics \u2013 Naziv ovog kola\u010di\u0107a povezan je s uslugom Google Universal Analytics. Upotrebljava se za izra\u010dunavanje anonimni podataka o posjetitelju, sesiji i kampanji za analiti\u010dka izvje\u0161\u0107a web-mjesta. Zadanim je postavkama odre\u0111eno da prestaje vrijediti nakon 2 godine.<\/p>\n<p><strong>woocommerce_cart_hash<br \/>woocommerce_items_in_cart<br \/>wp_woocommerce_session_<\/strong><br \/>Kola\u010di\u0107i koji se spremaju prilikom posjeta stranici trgovine.<\/p>\n<p>soccerfantastico.com koristi kola\u010di\u0107e takvog tipa kako bi olak\u0161ao pristup korisnicima \u0161to je vidljivo u situacijama kada se korisnik vra\u0107a na stranice soccerfantastico.com i odmah je ulogiran na iste \u0161to govori da pohranjuju korisni\u010dko ime i lozinku.<\/p>\n<ul>\n<li>Kola\u010di\u0107i od prve strane koji dolaze sa webstranice koju ste posjetili mogu biti privremeni i stalni. Takvi kola\u010di\u0107i omogu\u0107uju web stranici da sprema podatke koji se koriste kada korisnik ponovo posjeti web stranicu.<\/li>\n<li>Kola\u010di\u0107i s tre\u0107e strane su kola\u010di\u0107i koji dolaze s vanjskih servisa koji korisniku spremaju limitirane kola\u010di\u0107e (ti servisi su Facebook, Instagram, Google Universal Analytics..)<\/li>\n<\/ul>\n<h2>Vama dostupne opcije:<\/h2>\n<p>Postupak promjene postavki kola\u010di\u0107a razli\u010dit je u svakom pretra\u017eiva\u010du. Informaciju o tome mo\u017eete potra\u017eiti pomo\u0107u funkcije \u201cHelp\u201d, posjetiv\u0161i\u00a0<a href=\"http:\/\/www.aboutcookies.org\/\" target=\"_blank\" rel=\"noreferrer noopener\" aria-label=\"www.aboutcookies.org (otvara se u novoj kartici)\">www.aboutcookies.org<\/a>\u00a0koja daje pojedinosti o promjeni postavki kola\u010di\u0107a u svim modernim pretra\u017eiva\u010dima ili nas kontaktirajte putem \u00a0<a class=\"moz-txt-link-abbreviated\" href=\"mailto:board.games.institute.info@gmail.com\">board.games.institute.info@gmail.com<\/a><\/p>\t\t\t\t\t\t\t\t<\/div>\n\t\t\t\t<\/div>\n\t\t\t\t\t<\/div>\n\t\t\t\t<\/div>\n\t\t\t\t<\/div>\n\t\t","protected":false},"excerpt":{"rendered":"<p>Pravila privatnosti Institut za Dru\u0161tvene Igre obavezuje se pru\u017eati za\u0161titu osobnim podacima kupaca, na na\u010din da prikuplja samo nu\u017ene, osnovne podatke o kupcima\/ korisnicima koji su nu\u017eni za ispunjenje na\u0161ih obveza; informira kupce o na\u010dinu kori\u0161tenja prikupljenih podataka, redovito daje kupcima mogu\u0107nost izbora o upotrebi njihovih podataka, uklju\u010duju\u0107i mogu\u0107nost odluke \u017eele li ili ne da [&hellip;]<\/p>\n","protected":false},"author":1,"featured_media":0,"parent":0,"menu_order":0,"comment_status":"closed","ping_status":"open","template":"","meta":{"footnotes":""},"class_list":["post-3","page","type-page","status-publish","hentry"],"_links":{"self":[{"href":"https:\/\/www.soccerfantastico.com\/en\/wp-json\/wp\/v2\/pages\/3","targetHints":{"allow":["GET"]}}],"collection":[{"href":"https:\/\/www.soccerfantastico.com\/en\/wp-json\/wp\/v2\/pages"}],"about":[{"href":"https:\/\/www.soccerfantastico.com\/en\/wp-json\/wp\/v2\/types\/page"}],"author":[{"embeddable":true,"href":"https:\/\/www.soccerfantastico.com\/en\/wp-json\/wp\/v2\/users\/1"}],"replies":[{"embeddable":true,"href":"https:\/\/www.soccerfantastico.com\/en\/wp-json\/wp\/v2\/comments?post=3"}],"version-history":[{"count":6,"href":"https:\/\/www.soccerfantastico.com\/en\/wp-json\/wp\/v2\/pages\/3\/revisions"}],"predecessor-version":[{"id":792,"href":"https:\/\/www.soccerfantastico.com\/en\/wp-json\/wp\/v2\/pages\/3\/revisions\/792"}],"wp:attachment":[{"href":"https:\/\/www.soccerfantastico.com\/en\/wp-json\/wp\/v2\/media?parent=3"}],"curies":[{"name":"wp","href":"https:\/\/api.w.org\/{rel}","templated":true}]}}