{"id":130,"date":"2025-06-10T14:27:10","date_gmt":"2025-06-10T12:27:10","guid":{"rendered":"https:\/\/www.soccerfantastico.com\/?page_id=130"},"modified":"2025-07-03T08:32:25","modified_gmt":"2025-07-03T06:32:25","slug":"refund_returns","status":"publish","type":"page","link":"https:\/\/www.soccerfantastico.com\/en\/refund_returns\/","title":{"rendered":"Refund and Returns Policy"},"content":{"rendered":"\t\t<div data-elementor-type=\"wp-page\" data-elementor-id=\"130\" class=\"elementor elementor-130\" data-elementor-post-type=\"page\">\n\t\t\t\t<div class=\"elementor-element elementor-element-5c7d30f e-flex e-con-boxed e-con e-parent\" data-id=\"5c7d30f\" data-element_type=\"container\">\n\t\t\t\t\t<div class=\"e-con-inner\">\n\t\t\t\t<div class=\"elementor-element elementor-element-1d60d083 elementor-widget elementor-widget-text-editor\" data-id=\"1d60d083\" data-element_type=\"widget\" data-widget_type=\"text-editor.default\">\n\t\t\t\t<div class=\"elementor-widget-container\">\n\t\t\t\t\t\t\t\t\t\n<div class=\"vc_row wpb_row vc_row-fluid\">\n<div class=\"wpb_column vc_column_container vc_col-sm-12\">\n<div class=\"vc_column-inner\">\n<div class=\"wpb_wrapper\">\n<div class=\"wpb_text_column wpb_content_element \">\n<div class=\"wpb_wrapper\">\n<h1 class=\"post-title\">Uvjeti poslovanja<\/h1>\n<p>Na uvjete poslovanja primjenjuje se Zakon o za\u0161titi potro\u0161a\u010da (N.N.41\/2014.), glava III. \u2013 Sklapanje ugovora izvan poslovnih prostorija i ugovora na daljinu, od \u010dlanka 57. do \u010dlanka 79<\/p>\n<p>\u00a0<\/p>\n<h2>Op\u0107i uvjeti poslovanja<\/h2>\n<h3>Trgovac<\/h3>\n<p>Trgovac je Institut za Dru\u0161tvene Igre , Dravska 17, 48000 Koprivnica, koji posluje pod trgova\u010dkim imenom <a href=\"https:\/\/www.soccerfantastico.com\/\">https:\/\/www.soccerfantastico.com\/<\/a>.<\/p>\n<p>Cijene su s PDV-om. Valuta je euro (\u20ac).<\/p>\n<h3>Kupac<\/h3>\n<p>Kupac robe je posjetitelj web shopa koji odabere barem jedan proizvod, ubaci ga u ko\u0161aricu, plati kreditnom karticom, virmanom (uplatnicom) u banci (po\u0161ti ili FINI) i po\u0161alje narud\u017ebu trgovcu.\u00a0<\/p>\n<h3>Slike i opisi<\/h3>\n<p>Slike i opisi pojedinih proizvoda dobiveni su od proizvo\u0111a\u010da\/dobavlja\u010da ili preuzeti s interneta i ne moraju nu\u017eno biti identi\u010dni. Djelatnici web shopa soccerfantastico.com nastoje \u0161to to\u010dnije navesti karakteristike proizvoda. Zadr\u017eavamo pravo pogre\u0161ke u opisu i slikama proizvoda. Cijene, uvjeti pla\u0107anja i akcijske ponude vrijede isklju\u010divo u trenutku narud\u017ebe i\/ili pla\u0107anja i mogu se promijeniti bez prethodne najave!<\/p>\n<p>Putem web shopa soccerfantastico.com kupcu je omogu\u0107ena kupnja dijela asortimana proizvoda koji se nalaze na stranicama trgovca. Cijene su s PDV-om. Trgovac se obavezuje odr\u017eavati web sjedi\u0161te u skladu s dobrom ekonomskom praksom i u maniri dobrog gospodarstvenika, te nije odgovoran za kvalitetu internetske veze kojom kupac pristupa web sjedi\u0161tu trgovca. Istaknute redovne i akcijske cijene vrijede za kupnju putem interneta.<\/p>\n<h3>Naru\u010divanje<\/h3>\n<p>Proizvodi se naru\u010duju putem ko\u0161arice i neopozivi su. Proizvod mo\u017ee naru\u010diti registrirani korisnik ili gost. U slu\u010daju da trgovac nije u mogu\u0107nosti isporu\u010diti proizvod zato \u0161to naru\u010denog proizvoda nema na zalihi ili ga nije vi\u0161e mogu\u0107e naru\u010diti od dobavlja\u010da, trgovac \u0107e pismeno obavijestiti kupca koji mo\u017ee otkazati narud\u017ebu ili eventualno prihvatiti novi rok isporuke. Odlu\u010di li se kupac otkazati narud\u017ebu, trgovac \u0107e kupcu vratiti upla\u0107en novac \u0161to je prije mogu\u0107e, a najkasnije u roku od 30 dana od kada je nastupilo zaka\u0161njenje. Ako kupac odbije primiti ispravnu i neo\u0161te\u0107enu robu koju je naru\u010dio, trgovac ima pravo tra\u017eiti od kupca nadoknadu svih manipulativnih tro\u0161kova vezanih uz isporuku.<\/p>\n<\/div>\n<\/div>\n<\/div>\n<\/div>\n<\/div>\n<\/div>\n<div id=\"dostava\" class=\"vc_row wpb_row vc_row-fluid\">\n<div class=\"wpb_column vc_column_container vc_col-sm-12\">\n<div class=\"vc_column-inner\">\n<div class=\"wpb_wrapper\">\n<div class=\"wpb_text_column wpb_content_element \">\n<div class=\"wpb_wrapper\">\n<h1>Dostava<\/h1>\n<p>\u00a0<\/p>\n<h3>Op\u0107i uvjeti dostave<\/h3>\n<p><strong>Proizvodi se dostavljaju unutar granica Republike Hrvatske i svijeta.<\/strong><\/p>\n<p>Naru\u010deni proizvodi dostavljaju se do vrata kupca. Dostava se obavlja na podru\u010dju cijele Hrvatske i svijeta.<\/p>\n<p>Okvirni je rok isporuke od 5 do 7 radnih dana, osim proizvoda za koje je kupac posebno obavije\u0161ten o roku isporuke. Dostava na otoke ovisi o rasporedu vo\u017enje trajekata. Rok po\u010dinje od trenutka kad Institut za Dru\u0161tvene Igre zaprimi uplatu na \u017eiro ra\u010dunu ili bude odobrena autorizacija kreditnih kartica. Sljede\u0107i radni dan od zaprimljene uplate broji se kao prvi dan. Subote i nedjelje ne ra\u010dunaju se u rok dostave. Dostava naru\u010dene robe napla\u0107uje se po va\u017ee\u0107em cjeniku od 7.00 \u20ac za HR i 25.00 \u20ac za ostale.\u00a0 Kako bi osigurali kvalitetniju komunikaciju izme\u0111u kupca i dostavlja\u010da, djelatnici web shopa dostavnim slu\u017ebama daju i telefonski broj koji je kupac naveo prilikom narud\u017ebe.<\/p>\n<h3>Ostali uvjeti dostave<\/h3>\n<p>Proizvodi \u0107e biti zapakirani tako da se uobi\u010dajenom manipulacijom u transportu ne mogu o\u0161tetiti. Kupac je du\u017ean prilikom preuzimanja proizvoda provjeriti eventualna o\u0161te\u0107enja i odmah ih reklamirati dostavnom radniku koji je robu isporu\u010dio, odnosno odbiti preuzeti po\u0161iljku na kojoj su vidljiva vanjska o\u0161te\u0107enja. Roba je osigurana od gubitka i o\u0161te\u0107enja u dostavi. Kupac je obvezan prilikom preuzimanja robe potpisati otpremnicu te je dostavlja\u010d uzima kao potvrdu o preuzimanju. Ako kupac, nakon \u0161to je roba poslana, u o\u010dekivanom vremenu ne primi robu ili obavijest o isporuci, ima pravo o tome obavijestiti trgovca kako bi se poduzelo tra\u017eenje po\u0161iljke ili kako bi se poslala zamjenska po\u0161iljka. U slu\u010daju ka\u0161njenja zbog vi\u0161e sile (izgubljeni proizvodi, o\u0161te\u0107eni proizvodi u dostavi u distribucijskom centru partnera, koje je isti vratio web shopu soccerfantastico.com bez isporuke kupcu i sl.) Institut za Dru\u0161tvene Igre ne preuzima odgovornost na \u201eprvi rizik\u201c i obvezuje se poslati zamjenski proizvod u najkra\u0107em roku.<\/p>\n<\/div>\n<\/div>\n<\/div>\n<\/div>\n<\/div>\n<\/div>\n<div id=\"placanje\" class=\"vc_row wpb_row vc_row-fluid\">\n<div class=\"wpb_column vc_column_container vc_col-sm-12\">\n<div class=\"vc_column-inner\">\n<div class=\"wpb_wrapper\">\n<div class=\"wpb_text_column wpb_content_element \">\n<div class=\"wpb_wrapper\">\n<h1>Pla\u0107anje<\/h1>\n<p>Naru\u010dene proizvode i usluge kupac mo\u017ee platiti na jedan od sljede\u0107ih na\u010dina:<\/p>\n<ul>\n<li>uplatom po ponudi \u2013 transakcijski ra\u010dun (u po\u0161ti, banci, FINI ili internet bankarstvom)<\/li>\n<li>kreditnim i\/ili debitnim karticama:\u00a0MasterCard, Visa ili Maestro\n<ul>\n<li>Nakon ispravno popunjene formulara za narud\u017ebu\u00a0trgovac kupcu dostavlja potvrdu narud\u017ebe na e-mail adresu koju je kupac definirao.<\/li>\n<li>U slu\u010daju da kupac robu namjerava platiti e-bankingom\/virmanom, rok za uplatu je 15 dana. Nakon tog roka trgovac ne mo\u017ee garantirati stanje skladi\u0161ta i dobavljivost naru\u010denih artikala. Obrada narud\u017ebe po\u010dinje te\u0107i od trenutka vidljivosti uplate na na\u0161em ra\u010dunu. Ako je uplata uslijedila nakon roka, a roba je raspolo\u017eiva, pokre\u0107e se postupak dostave. Ako roba nije raspolo\u017eiva, pristupa se povratu prepla\u0107enih sredstava u roku od najvi\u0161e 30 dana od dana uplate.<\/li>\n<\/ul>\n<\/li>\n<\/ul>\n<\/div>\n<\/div>\n<\/div>\n<\/div>\n<\/div>\n<\/div>\n<div id=\"reklamacije\" class=\"vc_row wpb_row vc_row-fluid\">\n<div class=\"wpb_column vc_column_container vc_col-sm-12\">\n<div class=\"vc_column-inner\">\n<div class=\"wpb_wrapper\">\n<div class=\"wpb_text_column wpb_content_element \">\n<div class=\"wpb_wrapper\">\n<h1>Zamjena proizvoda\/reklamacije\/povrat<\/h1>\n<p>Kupac ima pravo na povrat robe u sljede\u0107im slu\u010dajevima:<\/p>\n<ul>\n<li>isporuka robe koja nije naru\u010dena<\/li>\n<li>isporuka robe koja ima gre\u0161ku ili o\u0161te\u0107enja koja nisu nastala u transportu<\/li>\n<li>ostali slu\u010dajevi sukladno zakonskim okvirima<\/li>\n<\/ul>\n<h3>Zamjena reklamiranog proizvoda (detaljan tekst pro\u010ditajte pod\u00a0Reklamacije\/povrati)<\/h3>\n<p>Kupac mo\u017ee zamijeniti kupljeni proizvod u roku od 14 (\u010detrnaest) dana od primitka na adresu dostave. Web shop soccerfantastico.com obvezuje se reklamirani proizvod zamijeniti istim ili proizvodom sli\u010dnih karakteristika istog cjenovnog i kvalitativnog razreda u roku od 30 dana od primitka zahtjeva. Kupac je du\u017ean reklamirani proizvod dostaviti u neo\u0161te\u0107enoj originalnoj ambala\u017ei. Proizvodi s vidljivim o\u0161te\u0107enjima, proizvodi koje je kupac poku\u0161ao prepraviti i proizvode bez originalne ambala\u017ee nije mogu\u0107e zamijeniti.<\/p>\n<p>Trgovac \u0107e odobriti povrat robe kupcu nakon opravdane reklamacije zaprimljene isklju\u010divo \u00a0U slu\u010daju nemogu\u0107nosti isporuke druge robe, trgovac \u0107e nadoknaditi kupcu vrijednost robe koju nije vi\u0161e u mogu\u0107nosti isporu\u010diti. U slu\u010daju povrata robe koji nije nastao propustom trgovca, kupac snosi sve manipulativne tro\u0161kove koji su nastali.<\/p>\n<h3>Otkazivanje ugovora<\/h3>\n<p>Kupac mo\u017ee otkazati ugovor ne navode\u0107i za to razlog u roku od \u010detrnaest (14) radnih dana. Rok otkazivanja ugovora po\u010dinje te\u0107i od dana kada je kupac primio proizvod. Kupac mora obavijestiti trgovca o otkazivanju ugovora pismenim putem. To mo\u017ee u\u010diniti pismeno na e-mail adresu:\u00a0<a class=\"moz-txt-link-abbreviated\" href=\"mailto:board.games.institute.info@gmail.com\">board.games.institute.info@gmail.com<\/a> ili po\u0161tom na adresu: Dravska 17, 48000 Koprivnica. Ugovor se smatra otkazanim kada trgovac primi pismenu obavijest. U slu\u010daju otkazivanja ugovora kupac je du\u017ean o svom tro\u0161ku vratiti proizvod trgovcu u roku od 7 dana od otkazivanja ugovora. Proizvod(i) koje vra\u0107ate moraju biti kompletni, u originalnoj i neo\u0161te\u0107enoj ambala\u017ei sa svim pripadaju\u0107im neo\u0161te\u0107enim dijelovima, priborom i dokumentacijom. Kori\u0161teni proizvodi ne mogu se vratiti. Pravo na otkaz ugovora kupac ima sukladno Zakonu o za\u0161titi potro\u0161a\u010da \u010dlanak 72 koji govori o op\u0107im odredbama za ugovore sklopljene na daljinu.<\/p>\n<ul>\n<li>svaki ugovor sklopljen sredstvom daljinske komunikacije na koji se primjenjuju pravila sadr\u017eana u ovom \u010dlanku Zakona potro\u0161a\u010d mo\u017ee, ne navode\u0107i za to razlog, raskinuti u roku od \u010detrnaest dana,<\/li>\n<li>u slu\u010daju sklapanja ugovora o kupoprodaji, rok iz stavka 1. ovoga \u010dlanka po\u010dinje te\u0107i od dana kada je potro\u0161a\u010du ili tre\u0107oj osobi odre\u0111enoj od strane potro\u0161a\u010da, a koja nije prijevoznik, roba koja \u010dini predmet ugovora predana u posjed<\/li>\n<li>ako je jednom narud\u017ebom potro\u0161a\u010d naru\u010dio vi\u0161e komada robe koji trebaju biti isporu\u010deni odvojeno, odnosno ako je rije\u010d o robi koja se dostavlja u vi\u0161e komada ili vi\u0161e po\u0161iljki, rok iz stavaka 1.ovog \u010dlanka zapo\u010dinje te\u0107i od dana kada je potro\u0161a\u010du ili tre\u0107oj osobi odre\u0111enoj od strane potro\u0161a\u010da a koja nije prijevoznik, predan u posjed zadnji komad ili zadnja po\u0161iljka robe Trgovac se obvezuje kupcu vratiti cjelokupan iznos upla\u0107enih sredstva u roku od \u010detrnaest (14) radnih dana po primitku pismene obavijesti o raskidu ugovora.<\/li>\n<\/ul>\n<h3>Isklju\u010denje prava na otkaz ugovora<\/h3>\n<p>Potro\u0161a\u010d nema pravo na raskid na temelju \u010dlanka 79. Zakona o za\u0161titi potro\u0161a\u010da ako je rije\u010d o ugovoru:<\/p>\n<div class=\"wp-block-group\">\n<div class=\"wp-block-group__inner-container\">\n<ul>\n<li>o prodaji proizvoda ili obavljanju usluge \u010dija je cijena ovisna o promjenama na financijskom tr\u017ei\u0161tu koje su izvan utjecaja trgovca, a koje se mogu pojaviti za vrijeme trajanja prava potro\u0161a\u010da na jednostrani prekid ugovora,<\/li>\n<li>o prodaji proizvoda izra\u0111enog na temelju potro\u0161a\u010deve specifikacije, proizvoda izra\u0111enog isklju\u010divo za potro\u0161a\u010da ili proizvoda koji zbog svoje naravi ne mo\u017ee biti vra\u0107en ili je podlo\u017ean brzom propadanju,<\/li>\n<li>o prodaji audio ili videozapisa, te ra\u010dunalnih programa koje je potro\u0161a\u010d otpakirao,<\/li>\n<li>o prodaji knjiga i drugih publikacija.<\/li>\n<\/ul>\n<\/div>\n<\/div>\n<h3>Rje\u0161avanje sporova<\/h3>\n<p>U slu\u010daju spora izme\u0111u potro\u0161a\u010da i trgovca, mo\u017ee se podnijeti prijava Sudu \u010dasti Hrvatske gospodarske komore, Sudu \u010dasti Hrvatske obrtni\u010dke komore, prijedlog za mirenje Centru za mirenje ili Europskoj komisiji putem obrasca za\u00a0<a href=\"https:\/\/ec.europa.eu\/consumers\/odr\/main\/index.cfm?event=main.home.chooseLanguage\" target=\"_blank\" rel=\"noreferrer noopener\" aria-label=\"online rje\u0161avanje sporova. (otvara se u novoj kartici)\">online rje\u0161avanje sporova.<\/a>\u00a0Eventualne sporove trgovac i potro\u0161a\u010d nastojat \u0107e rije\u0161iti dogovorom i mirnim putem, a u suprotnom nadle\u017ean je Sud u Zagrebu.<\/p>\n<h3>Kupnjom proizvoda kupac prihva\u0107a uvjete poslovanja.<\/h3>\n<\/div>\n<\/div>\n<\/div>\n<\/div>\n<\/div>\n<\/div>\n\t\t\t\t\t\t\t\t<\/div>\n\t\t\t\t<\/div>\n\t\t\t\t\t<\/div>\n\t\t\t\t<\/div>\n\t\t\t\t<\/div>\n\t\t","protected":false},"excerpt":{"rendered":"<p>Uvjeti poslovanja Na uvjete poslovanja primjenjuje se Zakon o za\u0161titi potro\u0161a\u010da (N.N.41\/2014.), glava III. \u2013 Sklapanje ugovora izvan poslovnih prostorija i ugovora na daljinu, od \u010dlanka 57. do \u010dlanka 79 \u00a0 Op\u0107i uvjeti poslovanja Trgovac Trgovac je Institut za Dru\u0161tvene Igre , Dravska 17, 48000 Koprivnica, koji posluje pod trgova\u010dkim imenom https:\/\/www.soccerfantastico.com\/. Cijene su s [&hellip;]<\/p>\n","protected":false},"author":1,"featured_media":0,"parent":0,"menu_order":0,"comment_status":"closed","ping_status":"closed","template":"","meta":{"footnotes":""},"class_list":["post-130","page","type-page","status-publish","hentry"],"_links":{"self":[{"href":"https:\/\/www.soccerfantastico.com\/en\/wp-json\/wp\/v2\/pages\/130","targetHints":{"allow":["GET"]}}],"collection":[{"href":"https:\/\/www.soccerfantastico.com\/en\/wp-json\/wp\/v2\/pages"}],"about":[{"href":"https:\/\/www.soccerfantastico.com\/en\/wp-json\/wp\/v2\/types\/page"}],"author":[{"embeddable":true,"href":"https:\/\/www.soccerfantastico.com\/en\/wp-json\/wp\/v2\/users\/1"}],"replies":[{"embeddable":true,"href":"https:\/\/www.soccerfantastico.com\/en\/wp-json\/wp\/v2\/comments?post=130"}],"version-history":[{"count":6,"href":"https:\/\/www.soccerfantastico.com\/en\/wp-json\/wp\/v2\/pages\/130\/revisions"}],"predecessor-version":[{"id":799,"href":"https:\/\/www.soccerfantastico.com\/en\/wp-json\/wp\/v2\/pages\/130\/revisions\/799"}],"wp:attachment":[{"href":"https:\/\/www.soccerfantastico.com\/en\/wp-json\/wp\/v2\/media?parent=130"}],"curies":[{"name":"wp","href":"https:\/\/api.w.org\/{rel}","templated":true}]}}